{"id":8,"date":"2018-07-06T09:38:50","date_gmt":"2018-07-06T09:38:50","guid":{"rendered":"https:\/\/nubiarealestate.com\/my-account\/"},"modified":"2018-07-06T09:38:50","modified_gmt":"2018-07-06T09:38:50","slug":"my-account","status":"publish","type":"page","link":"https:\/\/nubiarealestate.com\/cs\/muj-ucet\/","title":{"rendered":"M\u016fj \u00fa\u010det"},"content":{"rendered":"<div class=\"rtcl\"><div class=\"row\" id=\"rtcl-user-login-wrapper\">\n    <div class=\"col-md-12 rtcl-login-form-wrap\">\n        <h2>Login<\/h2>\n        <form id=\"rtcl-login-form\" class=\"form-horizontal\" method=\"post\" action=\"\">\n\t\t\t            <div class=\"form-group\">\n                <label for=\"rtcl-user-login\" class=\"control-label\">\n\t\t\t\t\tUsername or E-mail                    <strong class=\"rtcl-required\">*<\/strong>\n                <\/label>\n                <input type=\"text\" name=\"username\" autocomplete=\"username\"\n                       value=\"\"\n                       id=\"rtcl-user-login\" class=\"form-control\" required>\n            <\/div>\n\n            <div class=\"form-group\">\n                <label for=\"rtcl-user-pass\" class=\"control-label\">\n\t\t\t\t\tPassword                    <strong class=\"rtcl-required\">*<\/strong>\n                <\/label>\n                <input type=\"password\" name=\"password\" id=\"rtcl-user-pass\" autocomplete=\"current-password\"\n                       class=\"form-control\" required>\n            <\/div>\n\n\t\t\t\n            <div class=\"form-group\">\n                <div id=\"rtcl-login-g-recaptcha\" class=\"mb-2\"><\/div>\n                <div id=\"rtcl-login-g-recaptcha-message\"><\/div>\n            <\/div>\n\n            <div class=\"form-group d-flex align-items-center\">\n\n                <button type=\"submit\" name=\"rtcl-login\" class=\"btn btn-primary\" value=\"login\">\n\t\t\t\t\tLogin                <\/button>\n                <div class=\"form-check\">\n                    <input type=\"checkbox\" name=\"rememberme\" id=\"rtcl-rememberme\" value=\"forever\">\n                    <label class=\"form-check-label\" for=\"rtcl-rememberme\">\n\t\t\t\t\t\tRemember Me                    <\/label>\n                <\/div>\n            <\/div>\n            <div class=\"form-group\">\n                <p class=\"rtcl-forgot-password\">\n\t\t\t\t\t                    <a href=\"https:\/\/nubiarealestate.com\/cs\/muj-ucet\/lost-password\/\">Forgot your password?<\/a>\n                <\/p>\n            <\/div>\n\t\t\t<input type=\"hidden\" id=\"rtcl-login-nonce\" name=\"rtcl-login-nonce\" value=\"7fbb046b0d\" \/><input type=\"hidden\" name=\"_wp_http_referer\" value=\"\/cs\/wp-json\/wp\/v2\/pages\/8\" \/><input type=\"hidden\" name=\"redirect_to\" value=\"https:\/\/nubiarealestate.com\/cs\/wp-json\/wp\/v2\/pages\/8\" \/>        <input type=\"hidden\" name=\"trp-form-language\" value=\"cs\"\/><\/form>\n    <\/div>\n\t<\/div>\n<\/div>","protected":false},"excerpt":{"rendered":"","protected":false},"author":0,"featured_media":0,"parent":0,"menu_order":0,"comment_status":"closed","ping_status":"closed","template":"","meta":{"_rtcl_gb_attr":"","footnotes":""},"yoast_head":"<!-- This site is optimized with the Yoast SEO Premium plugin v21.3 (Yoast SEO v21.3) - https:\/\/yoast.com\/wordpress\/plugins\/seo\/ -->\n<title>My Account - Nubia Realestate<\/title>\n<meta name=\"robots\" content=\"index, follow, max-snippet:-1, max-image-preview:large, max-video-preview:-1\" \/>\n<link rel=\"canonical\" href=\"https:\/\/nubiarealestate.com\/cs\/muj-ucet\/\" \/>\n<meta property=\"og:locale\" content=\"cs_CZ\" \/>\n<meta property=\"og:type\" content=\"article\" \/>\n<meta property=\"og:title\" content=\"My Account\" \/>\n<meta property=\"og:url\" content=\"https:\/\/nubiarealestate.com\/cs\/muj-ucet\/\" \/>\n<meta property=\"og:site_name\" content=\"Nubia Realestate\" \/>\n<meta property=\"og:image\" content=\"https:\/\/nubiarealestate.com\/wp-content\/uploads\/2023\/10\/Building-6-7.jpeg\" \/>\n\t<meta property=\"og:image:width\" content=\"1280\" \/>\n\t<meta property=\"og:image:height\" content=\"960\" \/>\n\t<meta property=\"og:image:type\" content=\"image\/jpeg\" \/>\n<meta name=\"twitter:card\" content=\"summary_large_image\" \/>\n<script type=\"application\/ld+json\" class=\"yoast-schema-graph\">{\"@context\":\"https:\/\/schema.org\",\"@graph\":[{\"@type\":\"WebPage\",\"@id\":\"https:\/\/nubiarealestate.com\/my-account\/\",\"url\":\"https:\/\/nubiarealestate.com\/my-account\/\",\"name\":\"My Account - Nubia Realestate\",\"isPartOf\":{\"@id\":\"https:\/\/nubiarealestate.com\/#website\"},\"datePublished\":\"2018-07-06T09:38:50+00:00\",\"dateModified\":\"2018-07-06T09:38:50+00:00\",\"breadcrumb\":{\"@id\":\"https:\/\/nubiarealestate.com\/my-account\/#breadcrumb\"},\"inLanguage\":\"cs\",\"potentialAction\":[{\"@type\":\"ReadAction\",\"target\":[\"https:\/\/nubiarealestate.com\/my-account\/\"]}]},{\"@type\":\"BreadcrumbList\",\"@id\":\"https:\/\/nubiarealestate.com\/my-account\/#breadcrumb\",\"itemListElement\":[{\"@type\":\"ListItem\",\"position\":1,\"name\":\"Home\",\"item\":\"https:\/\/nubiarealestate.com\/\"},{\"@type\":\"ListItem\",\"position\":2,\"name\":\"My Account\"}]},{\"@type\":\"WebSite\",\"@id\":\"https:\/\/nubiarealestate.com\/#website\",\"url\":\"https:\/\/nubiarealestate.com\/\",\"name\":\"Nubia Real Estate\",\"description\":\"Studios, Apartments, Chalets, and Villas in Hurghada\",\"publisher\":{\"@id\":\"https:\/\/nubiarealestate.com\/#organization\"},\"potentialAction\":[{\"@type\":\"SearchAction\",\"target\":{\"@type\":\"EntryPoint\",\"urlTemplate\":\"https:\/\/nubiarealestate.com\/?s={search_term_string}\"},\"query-input\":\"required name=search_term_string\"}],\"inLanguage\":\"cs\"},{\"@type\":\"Organization\",\"@id\":\"https:\/\/nubiarealestate.com\/#organization\",\"name\":\"Nubia Real Estate\",\"alternateName\":\"Nubia Beach Aqua Resort\",\"url\":\"https:\/\/nubiarealestate.com\/\",\"logo\":{\"@type\":\"ImageObject\",\"inLanguage\":\"cs\",\"@id\":\"https:\/\/nubiarealestate.com\/#\/schema\/logo\/image\/\",\"url\":\"https:\/\/nubiarealestate.com\/wp-content\/uploads\/2023\/10\/Logo-Moded-200-1.png\",\"contentUrl\":\"https:\/\/nubiarealestate.com\/wp-content\/uploads\/2023\/10\/Logo-Moded-200-1.png\",\"width\":200,\"height\":146,\"caption\":\"Nubia Real Estate\"},\"image\":{\"@id\":\"https:\/\/nubiarealestate.com\/#\/schema\/logo\/image\/\"}}]}<\/script>\n<!-- \/ Yoast SEO Premium plugin. -->","yoast_head_json":{"title":"My Account - Nubia Realestate","robots":{"index":"index","follow":"follow","max-snippet":"max-snippet:-1","max-image-preview":"max-image-preview:large","max-video-preview":"max-video-preview:-1"},"canonical":"https:\/\/nubiarealestate.com\/cs\/muj-ucet\/","og_locale":"cs_CZ","og_type":"article","og_title":"My Account","og_url":"https:\/\/nubiarealestate.com\/cs\/muj-ucet\/","og_site_name":"Nubia Realestate","og_image":[{"width":1280,"height":960,"url":"https:\/\/nubiarealestate.com\/wp-content\/uploads\/2023\/10\/Building-6-7.jpeg","type":"image\/jpeg"}],"twitter_card":"summary_large_image","schema":{"@context":"https:\/\/schema.org","@graph":[{"@type":"WebPage","@id":"https:\/\/nubiarealestate.com\/my-account\/","url":"https:\/\/nubiarealestate.com\/my-account\/","name":"My Account - Nubia Realestate","isPartOf":{"@id":"https:\/\/nubiarealestate.com\/#website"},"datePublished":"2018-07-06T09:38:50+00:00","dateModified":"2018-07-06T09:38:50+00:00","breadcrumb":{"@id":"https:\/\/nubiarealestate.com\/my-account\/#breadcrumb"},"inLanguage":"cs","potentialAction":[{"@type":"ReadAction","target":["https:\/\/nubiarealestate.com\/my-account\/"]}]},{"@type":"BreadcrumbList","@id":"https:\/\/nubiarealestate.com\/my-account\/#breadcrumb","itemListElement":[{"@type":"ListItem","position":1,"name":"Home","item":"https:\/\/nubiarealestate.com\/"},{"@type":"ListItem","position":2,"name":"My Account"}]},{"@type":"WebSite","@id":"https:\/\/nubiarealestate.com\/#website","url":"https:\/\/nubiarealestate.com\/","name":"Nubia Real Estate","description":"Studios, Apartments, Chalets, and Villas in Hurghada","publisher":{"@id":"https:\/\/nubiarealestate.com\/#organization"},"potentialAction":[{"@type":"SearchAction","target":{"@type":"EntryPoint","urlTemplate":"https:\/\/nubiarealestate.com\/?s={search_term_string}"},"query-input":"required name=search_term_string"}],"inLanguage":"cs"},{"@type":"Organization","@id":"https:\/\/nubiarealestate.com\/#organization","name":"Nubia Real Estate","alternateName":"Nubia Beach Aqua Resort","url":"https:\/\/nubiarealestate.com\/","logo":{"@type":"ImageObject","inLanguage":"cs","@id":"https:\/\/nubiarealestate.com\/#\/schema\/logo\/image\/","url":"https:\/\/nubiarealestate.com\/wp-content\/uploads\/2023\/10\/Logo-Moded-200-1.png","contentUrl":"https:\/\/nubiarealestate.com\/wp-content\/uploads\/2023\/10\/Logo-Moded-200-1.png","width":200,"height":146,"caption":"Nubia Real Estate"},"image":{"@id":"https:\/\/nubiarealestate.com\/#\/schema\/logo\/image\/"}}]}},"_links":{"self":[{"href":"https:\/\/nubiarealestate.com\/cs\/wp-json\/wp\/v2\/pages\/8"}],"collection":[{"href":"https:\/\/nubiarealestate.com\/cs\/wp-json\/wp\/v2\/pages"}],"about":[{"href":"https:\/\/nubiarealestate.com\/cs\/wp-json\/wp\/v2\/types\/page"}],"replies":[{"embeddable":true,"href":"https:\/\/nubiarealestate.com\/cs\/wp-json\/wp\/v2\/comments?post=8"}],"version-history":[{"count":0,"href":"https:\/\/nubiarealestate.com\/cs\/wp-json\/wp\/v2\/pages\/8\/revisions"}],"wp:attachment":[{"href":"https:\/\/nubiarealestate.com\/cs\/wp-json\/wp\/v2\/media?parent=8"}],"curies":[{"name":"wp","href":"https:\/\/api.w.org\/{rel}","templated":true}]}}